{"id":81789,"date":"2019-09-03T01:32:57","date_gmt":"2019-09-03T04:32:57","guid":{"rendered":"https:\/\/miolobiro.com.br\/pronta-entrega\/pronta-entrega-presencial-copy\/"},"modified":"2020-07-28T12:34:38","modified_gmt":"2020-07-28T15:34:38","slug":"pronta-entrega-presencial","status":"publish","type":"page","link":"https:\/\/miolobiro.com.br\/en\/pronta-entrega\/pronta-entrega-presencial\/","title":{"rendered":"Face-to-face delivery"},"content":{"rendered":"<section class=\"wpb-content-wrapper\"><div data-parent=\"true\" class=\"vc_row row-container boomapps_vcrow\" id=\"row-unique-0\"><div class=\"row limit-width row-parent\"><div class=\"wpb_row row-inner\"><div class=\"wpb_column pos-top pos-center align_left column_parent col-lg-12 boomapps_vccolumn single-internal-gutter\"><div class=\"uncol style-light\"  ><div class=\"uncoltable\"><div class=\"uncell  boomapps_vccolumn no-block-padding\" ><div class=\"uncont\"><div id=\"index-769033\" class=\"isotope-system isotope-general-light grid-general-light\" >\n\t\t\t\n\t\t\t\t\t\t<div class=\"isotope-wrapper grid-wrapper single-gutter\">\t\t\t\t\t\t<div class=\"isotope-container grid-container isotope-layout style-masonry isotope-pagination grid-pagination\" data-type=\"masonry\" data-layout=\"masonry\" data-lg=\"1000\" data-md=\"600\" data-sm=\"480\" data-vp-height=\"\">\t\t\t<div class=\"tmb atc-typography-inherit tmb-iso-w4 tmb-iso-h4 tmb-dark tmb-overlay-text-anim tmb-overlay-anim tmb-overlay-middle tmb-overlay-text-center tmb-overlay-text-mobile-center tmb-image-anim tmb-bordered  grid-cat-73 grid-cat-201 tmb-id-81028 tmb-img-ratio tmb-media-first tmb-media-last tmb-content-overlay tmb-no-bg\" ><div class=\"t-inside animate_when_almost_visible bottom-t-top\" data-delay=\"200\"><div class=\"t-entry-visual\"><div class=\"t-entry-visual-tc\"><div class=\"t-entry-visual-cont\"><div class=\"dummy\" style=\"padding-top: 56.3%;\"><\/div><a tabindex=\"-1\" href=\"https:\/\/miolobiro.com.br\/en\/pronta-entrega\/facilitacao-grafica\/\" class=\"pushed\" target=\"_self\" data-lb-index=\"0\"><div class=\"t-entry-visual-overlay\"><div class=\"t-entry-visual-overlay-in style-color-348835-bg\" style=\"opacity: 0.5;\"><\/div><\/div><div class=\"t-overlay-wrap\"><div class=\"t-overlay-inner\">\n\t\t\t\t\t\t\t\t\t\t\t\t\t\t<div class=\"t-overlay-content\">\n\t\t\t\t\t\t\t\t\t\t\t\t\t\t\t<div class=\"t-overlay-text single-block-padding\"><div class=\"t-entry\"><h4 class=\"t-entry-title h4 title-scale\">Graphic facilitation<\/h4><p class=\"t-entry-meta\"><span class=\"t-entry-category\"><span class=\"t-entry-cat-single\"><span class=\"\">Pronta Entrega<\/span><\/span><span class=\"cat-comma\">,<\/span><\/span><span class=\"t-entry-category\"><span class=\"t-entry-cat-single\"><span class=\"\">Presential<\/span><\/span><\/span><\/p><\/div><\/div><\/div><\/div><\/div><img decoding=\"async\" class=\"wp-image-83006\" src=\"https:\/\/miolobiro.com.br\/wp-content\/uploads\/2020\/07\/9360-scaled-uai-2560x1440.jpg\" width=\"2560\" height=\"1440\" alt=\"\" \/><\/a><\/div>\n\t\t\t\t\t<\/div>\n\t\t\t\t<\/div><\/div><\/div><div class=\"tmb atc-typography-inherit tmb-iso-w4 tmb-iso-h4 tmb-dark tmb-overlay-text-anim tmb-overlay-anim tmb-overlay-middle tmb-overlay-text-center tmb-overlay-text-mobile-center tmb-image-anim tmb-bordered  grid-cat-73 grid-cat-201 tmb-id-81974 tmb-img-ratio tmb-media-first tmb-media-last tmb-content-overlay tmb-no-bg\" ><div class=\"t-inside animate_when_almost_visible bottom-t-top\" data-delay=\"200\"><div class=\"t-entry-visual\"><div class=\"t-entry-visual-tc\"><div class=\"t-entry-visual-cont\"><div class=\"dummy\" style=\"padding-top: 56.3%;\"><\/div><a tabindex=\"-1\" href=\"https:\/\/miolobiro.com.br\/en\/pronta-entrega\/lider-chef\/\" class=\"pushed\" target=\"_self\" data-lb-index=\"1\"><div class=\"t-entry-visual-overlay\"><div class=\"t-entry-visual-overlay-in style-color-348835-bg\" style=\"opacity: 0.5;\"><\/div><\/div><div class=\"t-overlay-wrap\"><div class=\"t-overlay-inner\">\n\t\t\t\t\t\t\t\t\t\t\t\t\t\t<div class=\"t-overlay-content\">\n\t\t\t\t\t\t\t\t\t\t\t\t\t\t\t<div class=\"t-overlay-text single-block-padding\"><div class=\"t-entry\"><h4 class=\"t-entry-title h4 title-scale\">Chef Leader<\/h4><p class=\"t-entry-meta\"><span class=\"t-entry-category\"><span class=\"t-entry-cat-single\"><span class=\"\">Pronta Entrega<\/span><\/span><span class=\"cat-comma\">,<\/span><\/span><span class=\"t-entry-category\"><span class=\"t-entry-cat-single\"><span class=\"\">Presential<\/span><\/span><\/span><\/p><\/div><\/div><\/div><\/div><\/div><img decoding=\"async\" class=\"wp-image-82983\" src=\"https:\/\/miolobiro.com.br\/wp-content\/uploads\/2020\/07\/lider-chef-1-scaled-uai-2560x1440.jpg\" width=\"2560\" height=\"1440\" alt=\"\" \/><\/a><\/div>\n\t\t\t\t\t<\/div>\n\t\t\t\t<\/div><\/div><\/div><div class=\"tmb atc-typography-inherit tmb-iso-w4 tmb-iso-h4 tmb-dark tmb-overlay-text-anim tmb-overlay-anim tmb-overlay-middle tmb-overlay-text-center tmb-overlay-text-mobile-center tmb-image-anim tmb-bordered  grid-cat-73 grid-cat-201 tmb-id-82165 tmb-img-ratio tmb-media-first tmb-media-last tmb-content-overlay tmb-no-bg\" ><div class=\"t-inside animate_when_almost_visible bottom-t-top\" data-delay=\"200\"><div class=\"t-entry-visual\"><div class=\"t-entry-visual-tc\"><div class=\"t-entry-visual-cont\"><div class=\"dummy\" style=\"padding-top: 56.3%;\"><\/div><a tabindex=\"-1\" href=\"https:\/\/miolobiro.com.br\/en\/pronta-entrega\/principios-de-lideranca\/\" class=\"pushed\" target=\"_self\" data-lb-index=\"2\"><div class=\"t-entry-visual-overlay\"><div class=\"t-entry-visual-overlay-in style-color-348835-bg\" style=\"opacity: 0.5;\"><\/div><\/div><div class=\"t-overlay-wrap\"><div class=\"t-overlay-inner\">\n\t\t\t\t\t\t\t\t\t\t\t\t\t\t<div class=\"t-overlay-content\">\n\t\t\t\t\t\t\t\t\t\t\t\t\t\t\t<div class=\"t-overlay-text single-block-padding\"><div class=\"t-entry\"><h4 class=\"t-entry-title h4 title-scale\">Leadership Principles<\/h4><p class=\"t-entry-meta\"><span class=\"t-entry-category\"><span class=\"t-entry-cat-single\"><span class=\"\">Pronta Entrega<\/span><\/span><span class=\"cat-comma\">,<\/span><\/span><span class=\"t-entry-category\"><span class=\"t-entry-cat-single\"><span class=\"\">Presential<\/span><\/span><\/span><\/p><\/div><\/div><\/div><\/div><\/div><img decoding=\"async\" class=\"wp-image-82987\" src=\"https:\/\/miolobiro.com.br\/wp-content\/uploads\/2020\/07\/principios-de-lideran\u00e7a-scaled-uai-2560x1440.jpg\" width=\"2560\" height=\"1440\" alt=\"\" \/><\/a><\/div>\n\t\t\t\t\t<\/div>\n\t\t\t\t<\/div><\/div><\/div>\t\t<\/div>\n\t\n\n\t<\/div>\t\t\t<\/div>\n<\/div><\/div><\/div><\/div><\/div><script id=\"script-row-unique-0\" data-row=\"script-row-unique-0\" type=\"text\/javascript\" class=\"vc_controls\">UNCODE.initRow(document.getElementById(\"row-unique-0\"));<\/script><\/div><\/div><\/div>\n<\/section>","protected":false},"excerpt":{"rendered":"Carga hor\u00e1ria: 16 horas. Modalidade: Presencial. Objetivo: Apresentar as bases, premissas e ferramentas de atua\u00e7\u00e3o de l\u00edderes, entendendo como colocar [...]","protected":false},"author":1,"featured_media":83003,"parent":81047,"menu_order":0,"comment_status":"closed","ping_status":"closed","template":"","meta":{"footnotes":""},"_links":{"self":[{"href":"https:\/\/miolobiro.com.br\/en\/wp-json\/wp\/v2\/pages\/81789"}],"collection":[{"href":"https:\/\/miolobiro.com.br\/en\/wp-json\/wp\/v2\/pages"}],"about":[{"href":"https:\/\/miolobiro.com.br\/en\/wp-json\/wp\/v2\/types\/page"}],"author":[{"embeddable":true,"href":"https:\/\/miolobiro.com.br\/en\/wp-json\/wp\/v2\/users\/1"}],"replies":[{"embeddable":true,"href":"https:\/\/miolobiro.com.br\/en\/wp-json\/wp\/v2\/comments?post=81789"}],"version-history":[{"count":1,"href":"https:\/\/miolobiro.com.br\/en\/wp-json\/wp\/v2\/pages\/81789\/revisions"}],"predecessor-version":[{"id":82980,"href":"https:\/\/miolobiro.com.br\/en\/wp-json\/wp\/v2\/pages\/81789\/revisions\/82980"}],"up":[{"embeddable":true,"href":"https:\/\/miolobiro.com.br\/en\/wp-json\/wp\/v2\/pages\/81047"}],"wp:featuredmedia":[{"embeddable":true,"href":"https:\/\/miolobiro.com.br\/en\/wp-json\/wp\/v2\/media\/83003"}],"wp:attachment":[{"href":"https:\/\/miolobiro.com.br\/en\/wp-json\/wp\/v2\/media?parent=81789"}],"curies":[{"name":"wp","href":"https:\/\/api.w.org\/{rel}","templated":true}]}}