{"id":81082,"date":"2019-06-25T10:11:37","date_gmt":"2019-06-25T13:11:37","guid":{"rendered":"https:\/\/miolobiro.com.br\/?page_id=81082"},"modified":"2021-05-03T12:20:53","modified_gmt":"2021-05-03T15:20:53","slug":"materiais-de-apoio","status":"publish","type":"page","link":"https:\/\/miolobiro.com.br\/en\/sob-medida\/materiais-de-apoio\/","title":{"rendered":"Support materials"},"content":{"rendered":"<section class=\"wpb-content-wrapper\"><div data-parent=\"true\" class=\"vc_row row-container boomapps_vcrow\" id=\"row-unique-0\"><div class=\"row limit-width row-parent\"><div class=\"wpb_row row-inner\"><div class=\"wpb_column pos-top pos-center align_left column_parent col-lg-12 boomapps_vccolumn single-internal-gutter\"><div class=\"uncol style-light\"  ><div class=\"uncoltable\"><div class=\"uncell  boomapps_vccolumn no-block-padding\" ><div class=\"uncont\"><div class=\"empty-space empty-quart\" ><span class=\"empty-space-inner\"><\/span><\/div>\n<div class=\"uncode_text_column\" ><\/p>\n<h3>Manuals, handouts, tutorials, pocket guides, infographics, e-books, storytellings and more:<\/h3>\n<ul>\n<li>Development of instructional resources to support training actions and training programs.<\/li>\n<li>Production of independent materials such as infographics, storytellings, e-books, handouts, tutorials and pocket guides, for educational or informational purposes.<\/li>\n<li>Graphical facilitation for recording events, lectures, meetings and meetings that need to have their information organized for later verification in reports and printed or digital materials or even for recording and assimilation of the content at the end of the meeting.<\/li>\n<\/ul>\n<p>\n<\/div><div class=\"empty-space empty-double\" ><span class=\"empty-space-inner\"><\/span><\/div>\n<div class=\"vc_row row-internal row-container boomapps_vcrow\"><div class=\"row row-child\"><div class=\"wpb_row row-inner\"><div class=\"wpb_column pos-top pos-center align_left column_child col-lg-12 boomapps_vccolumn single-internal-gutter\"><div class=\"uncol style-light\" ><div class=\"uncoltable\"><div class=\"uncell  boomapps_vccolumn no-block-padding\" ><div class=\"uncont\"><div class=\"vc_custom_heading_wrap\"><div class=\"heading-text el-text\" ><h3 class=\"h3\" ><span>Other Tailored Solutions<\/span><\/h3><\/div><div class=\"clear\"><\/div><\/div><div class=\"owl-carousel-wrapper\" >\n\t\t\t\t\t<div class=\"owl-carousel-container owl-carousel-loading half-gutter\">\t\t\t\t\t\t<div id=\"index-667291\" class=\"owl-carousel owl-element owl-height-auto owl-dots-outside owl-dots-single-block-padding owl-dots-align-center\" data-loop=\"true\" data-dots=\"true\" data-nav=\"true\" data-navmobile=\"true\" data-navskin=\"dark\" data-navspeed=\"1000\" data-autoplay=\"true\" data-timeout=\"10000\" data-stagepadding=\"0\" data-lg=\"3\" data-md=\"3\" data-sm=\"1\" data-vp-height=\"false\">\t\t\t<div class=\"tmb tmb-carousel atc-typography-inherit tmb-iso-h33 tmb-dark tmb-overlay-text-anim tmb-overlay-anim tmb-overlay-middle tmb-overlay-text-center tmb-overlay-text-mobile-center tmb-image-anim tmb-bordered  grid-cat-71 tmb-id-81069 tmb-img-ratio tmb-media-first tmb-media-last tmb-content-overlay\" ><div class=\"t-inside style-color-xsdn-bg\" ><div class=\"t-entry-visual\"><div class=\"t-entry-visual-tc\"><div class=\"t-entry-visual-cont\"><div class=\"dummy\" style=\"padding-top: 75%;\"><\/div><a tabindex=\"-1\" href=\"https:\/\/miolobiro.com.br\/en\/sob-medida\/acoes-a-distancia\/\" class=\"pushed\" target=\"_self\" data-lb-index=\"0\"><div class=\"t-entry-visual-overlay\"><div class=\"t-entry-visual-overlay-in style-color-348835-bg\" style=\"opacity: 0.8;\"><\/div><\/div><div class=\"t-overlay-wrap\"><div class=\"t-overlay-inner\">\n\t\t\t\t\t\t\t\t\t\t\t\t\t\t<div class=\"t-overlay-content\">\n\t\t\t\t\t\t\t\t\t\t\t\t\t\t\t<div class=\"t-overlay-text single-block-padding\"><div class=\"t-entry\"><h3 class=\"t-entry-title font-762333 h3 title-scale\">Remote actions<\/h3><p class=\"t-entry-meta\"><span class=\"t-entry-category\"><span class=\"t-entry-cat-single\"><span class=\"\">Sob Medida<\/span><\/span><\/span><\/p><\/div><\/div><\/div><\/div><\/div><img decoding=\"async\" class=\"wp-image-83140\" src=\"https:\/\/miolobiro.com.br\/wp-content\/uploads\/2020\/08\/20133-scaled-uai-2276x1707.jpg\" width=\"2276\" height=\"1707\" alt=\"\" \/><\/a><\/div>\n\t\t\t\t\t<\/div>\n\t\t\t\t<\/div><\/div><\/div><div class=\"tmb tmb-carousel atc-typography-inherit tmb-iso-h33 tmb-dark tmb-overlay-text-anim tmb-overlay-anim tmb-overlay-middle tmb-overlay-text-center tmb-overlay-text-mobile-center tmb-image-anim tmb-bordered  grid-cat-71 tmb-id-81074 tmb-img-ratio tmb-media-first tmb-media-last tmb-content-overlay\" ><div class=\"t-inside style-color-xsdn-bg\" ><div class=\"t-entry-visual\"><div class=\"t-entry-visual-tc\"><div class=\"t-entry-visual-cont\"><div class=\"dummy\" style=\"padding-top: 75%;\"><\/div><a tabindex=\"-1\" href=\"https:\/\/miolobiro.com.br\/en\/sob-medida\/producao-de-videos-e-podcasts\/\" class=\"pushed\" target=\"_self\" data-lb-index=\"1\"><div class=\"t-entry-visual-overlay\"><div class=\"t-entry-visual-overlay-in style-color-348835-bg\" style=\"opacity: 0.8;\"><\/div><\/div><div class=\"t-overlay-wrap\"><div class=\"t-overlay-inner\">\n\t\t\t\t\t\t\t\t\t\t\t\t\t\t<div class=\"t-overlay-content\">\n\t\t\t\t\t\t\t\t\t\t\t\t\t\t\t<div class=\"t-overlay-text single-block-padding\"><div class=\"t-entry\"><h3 class=\"t-entry-title font-762333 h3 title-scale\">Video and podcast production<\/h3><p class=\"t-entry-meta\"><span class=\"t-entry-category\"><span class=\"t-entry-cat-single\"><span class=\"\">Sob Medida<\/span><\/span><\/span><\/p><\/div><\/div><\/div><\/div><\/div><img decoding=\"async\" class=\"wp-image-83139\" src=\"https:\/\/miolobiro.com.br\/wp-content\/uploads\/2020\/08\/3826-scaled-uai-2274x1706.jpg\" width=\"2274\" height=\"1706\" alt=\"\" \/><\/a><\/div>\n\t\t\t\t\t<\/div>\n\t\t\t\t<\/div><\/div><\/div><div class=\"tmb tmb-carousel atc-typography-inherit tmb-iso-h33 tmb-dark tmb-overlay-text-anim tmb-overlay-anim tmb-overlay-middle tmb-overlay-text-center tmb-overlay-text-mobile-center tmb-image-anim tmb-bordered  grid-cat-71 tmb-id-81080 tmb-img-ratio tmb-media-first tmb-media-last tmb-content-overlay\" ><div class=\"t-inside style-color-xsdn-bg\" ><div class=\"t-entry-visual\"><div class=\"t-entry-visual-tc\"><div class=\"t-entry-visual-cont\"><div class=\"dummy\" style=\"padding-top: 75%;\"><\/div><a tabindex=\"-1\" href=\"https:\/\/miolobiro.com.br\/en\/sob-medida\/consultorias\/\" class=\"pushed\" target=\"_self\" data-lb-index=\"2\"><div class=\"t-entry-visual-overlay\"><div class=\"t-entry-visual-overlay-in style-color-348835-bg\" style=\"opacity: 0.8;\"><\/div><\/div><div class=\"t-overlay-wrap\"><div class=\"t-overlay-inner\">\n\t\t\t\t\t\t\t\t\t\t\t\t\t\t<div class=\"t-overlay-content\">\n\t\t\t\t\t\t\t\t\t\t\t\t\t\t\t<div class=\"t-overlay-text single-block-padding\"><div class=\"t-entry\"><h3 class=\"t-entry-title font-762333 h3 title-scale\">Consulting<\/h3><p class=\"t-entry-meta\"><span class=\"t-entry-category\"><span class=\"t-entry-cat-single\"><span class=\"\">Sob Medida<\/span><\/span><\/span><\/p><\/div><\/div><\/div><\/div><\/div><img decoding=\"async\" class=\"wp-image-83171\" src=\"https:\/\/miolobiro.com.br\/wp-content\/uploads\/2020\/08\/3426403-scaled-uai-2501x1876.jpg\" width=\"2501\" height=\"1876\" alt=\"\" \/><\/a><\/div>\n\t\t\t\t\t<\/div>\n\t\t\t\t<\/div><\/div><\/div><div class=\"tmb tmb-carousel atc-typography-inherit tmb-iso-h33 tmb-dark tmb-overlay-text-anim tmb-overlay-anim tmb-overlay-middle tmb-overlay-text-center tmb-overlay-text-mobile-center tmb-image-anim tmb-bordered  grid-cat-71 tmb-id-81067 tmb-img-ratio tmb-media-first tmb-media-last tmb-content-overlay\" ><div class=\"t-inside style-color-xsdn-bg\" ><div class=\"t-entry-visual\"><div class=\"t-entry-visual-tc\"><div class=\"t-entry-visual-cont\"><div class=\"dummy\" style=\"padding-top: 75%;\"><\/div><a tabindex=\"-1\" href=\"https:\/\/miolobiro.com.br\/en\/sob-medida\/acoes-presenciais\/\" class=\"pushed\" target=\"_self\" data-lb-index=\"3\"><div class=\"t-entry-visual-overlay\"><div class=\"t-entry-visual-overlay-in style-color-348835-bg\" style=\"opacity: 0.8;\"><\/div><\/div><div class=\"t-overlay-wrap\"><div class=\"t-overlay-inner\">\n\t\t\t\t\t\t\t\t\t\t\t\t\t\t<div class=\"t-overlay-content\">\n\t\t\t\t\t\t\t\t\t\t\t\t\t\t\t<div class=\"t-overlay-text single-block-padding\"><div class=\"t-entry\"><h3 class=\"t-entry-title font-762333 h3 title-scale\">Presential actions<\/h3><p class=\"t-entry-meta\"><span class=\"t-entry-category\"><span class=\"t-entry-cat-single\"><span class=\"\">Sob Medida<\/span><\/span><\/span><\/p><\/div><\/div><\/div><\/div><\/div><img decoding=\"async\" class=\"wp-image-83136\" src=\"https:\/\/miolobiro.com.br\/wp-content\/uploads\/2020\/08\/acoes-presenciais-scaled-uai-2218x1664.jpg\" width=\"2218\" height=\"1664\" alt=\"\" \/><\/a><\/div>\n\t\t\t\t\t<\/div>\n\t\t\t\t<\/div><\/div><\/div><div class=\"tmb tmb-carousel atc-typography-inherit tmb-iso-h33 tmb-dark tmb-overlay-text-anim tmb-overlay-anim tmb-overlay-middle tmb-overlay-text-center tmb-overlay-text-mobile-center tmb-image-anim tmb-bordered  grid-cat-71 tmb-id-81072 tmb-img-ratio tmb-media-first tmb-media-last tmb-content-overlay\" ><div class=\"t-inside style-color-xsdn-bg\" ><div class=\"t-entry-visual\"><div class=\"t-entry-visual-tc\"><div class=\"t-entry-visual-cont\"><div class=\"dummy\" style=\"padding-top: 75%;\"><\/div><a tabindex=\"-1\" href=\"https:\/\/miolobiro.com.br\/en\/sob-medida\/jogos\/\" class=\"pushed\" target=\"_self\" data-lb-index=\"4\"><div class=\"t-entry-visual-overlay\"><div class=\"t-entry-visual-overlay-in style-color-348835-bg\" style=\"opacity: 0.8;\"><\/div><\/div><div class=\"t-overlay-wrap\"><div class=\"t-overlay-inner\">\n\t\t\t\t\t\t\t\t\t\t\t\t\t\t<div class=\"t-overlay-content\">\n\t\t\t\t\t\t\t\t\t\t\t\t\t\t\t<div class=\"t-overlay-text single-block-padding\"><div class=\"t-entry\"><h3 class=\"t-entry-title font-762333 h3 title-scale\">Games<\/h3><p class=\"t-entry-meta\"><span class=\"t-entry-category\"><span class=\"t-entry-cat-single\"><span class=\"\">Sob Medida<\/span><\/span><\/span><\/p><\/div><\/div><\/div><\/div><\/div><img decoding=\"async\" class=\"wp-image-82971\" src=\"https:\/\/miolobiro.com.br\/wp-content\/uploads\/2020\/07\/gamificacao-scaled-uai-1920x1440.jpg\" width=\"1920\" height=\"1440\" alt=\"\" \/><\/a><\/div>\n\t\t\t\t\t<\/div>\n\t\t\t\t<\/div><\/div><\/div><div class=\"tmb tmb-carousel atc-typography-inherit tmb-iso-h33 tmb-dark tmb-overlay-text-anim tmb-overlay-anim tmb-overlay-middle tmb-overlay-text-center tmb-overlay-text-mobile-center tmb-image-anim tmb-bordered  grid-cat-71 tmb-id-81078 tmb-img-ratio tmb-media-first tmb-media-last tmb-content-overlay\" ><div class=\"t-inside style-color-xsdn-bg\" ><div class=\"t-entry-visual\"><div class=\"t-entry-visual-tc\"><div class=\"t-entry-visual-cont\"><div class=\"dummy\" style=\"padding-top: 75%;\"><\/div><a tabindex=\"-1\" href=\"https:\/\/miolobiro.com.br\/en\/sob-medida\/fabrica-de-conteudos\/\" class=\"pushed\" target=\"_self\" data-lb-index=\"5\"><div class=\"t-entry-visual-overlay\"><div class=\"t-entry-visual-overlay-in style-color-348835-bg\" style=\"opacity: 0.8;\"><\/div><\/div><div class=\"t-overlay-wrap\"><div class=\"t-overlay-inner\">\n\t\t\t\t\t\t\t\t\t\t\t\t\t\t<div class=\"t-overlay-content\">\n\t\t\t\t\t\t\t\t\t\t\t\t\t\t\t<div class=\"t-overlay-text single-block-padding\"><div class=\"t-entry\"><h3 class=\"t-entry-title font-762333 h3 title-scale\">Content Factory<\/h3><p class=\"t-entry-meta\"><span class=\"t-entry-category\"><span class=\"t-entry-cat-single\"><span class=\"\">Sob Medida<\/span><\/span><\/span><\/p><\/div><\/div><\/div><\/div><\/div><img decoding=\"async\" class=\"wp-image-82974\" src=\"https:\/\/miolobiro.com.br\/wp-content\/uploads\/2020\/07\/fabrica-de-conteudo-scaled-uai-2276x1707.jpg\" width=\"2276\" height=\"1707\" alt=\"\" \/><\/a><\/div>\n\t\t\t\t\t<\/div>\n\t\t\t\t<\/div><\/div><\/div><div class=\"tmb tmb-carousel atc-typography-inherit tmb-iso-h33 tmb-dark tmb-overlay-text-anim tmb-overlay-anim tmb-overlay-middle tmb-overlay-text-center tmb-overlay-text-mobile-center tmb-image-anim tmb-bordered  grid-cat-71 tmb-id-81076 tmb-img-ratio tmb-media-first tmb-media-last tmb-content-overlay\" ><div class=\"t-inside style-color-xsdn-bg\" ><div class=\"t-entry-visual\"><div class=\"t-entry-visual-tc\"><div class=\"t-entry-visual-cont\"><div class=\"dummy\" style=\"padding-top: 75%;\"><\/div><a tabindex=\"-1\" href=\"https:\/\/miolobiro.com.br\/en\/sob-medida\/certificacoes\/\" class=\"pushed\" target=\"_self\" data-lb-index=\"6\"><div class=\"t-entry-visual-overlay\"><div class=\"t-entry-visual-overlay-in style-color-348835-bg\" style=\"opacity: 0.8;\"><\/div><\/div><div class=\"t-overlay-wrap\"><div class=\"t-overlay-inner\">\n\t\t\t\t\t\t\t\t\t\t\t\t\t\t<div class=\"t-overlay-content\">\n\t\t\t\t\t\t\t\t\t\t\t\t\t\t\t<div class=\"t-overlay-text single-block-padding\"><div class=\"t-entry\"><h3 class=\"t-entry-title font-762333 h3 title-scale\">Certifications<\/h3><p class=\"t-entry-meta\"><span class=\"t-entry-category\"><span class=\"t-entry-cat-single\"><span class=\"\">Sob Medida<\/span><\/span><\/span><\/p><\/div><\/div><\/div><\/div><\/div><img decoding=\"async\" class=\"wp-image-83008\" src=\"https:\/\/miolobiro.com.br\/wp-content\/uploads\/2020\/07\/390256-PCBJXY-291-scaled-uai-2276x1707.jpg\" width=\"2276\" height=\"1707\" alt=\"\" \/><\/a><\/div>\n\t\t\t\t\t<\/div>\n\t\t\t\t<\/div><\/div><\/div><div class=\"tmb tmb-carousel atc-typography-inherit tmb-iso-h33 tmb-dark tmb-overlay-text-anim tmb-overlay-anim tmb-overlay-middle tmb-overlay-text-center tmb-overlay-text-mobile-center tmb-image-anim tmb-bordered  grid-cat-71 tmb-id-81082 tmb-img-ratio tmb-media-first tmb-media-last tmb-content-overlay\" ><div class=\"t-inside style-color-xsdn-bg\" ><div class=\"t-entry-visual\"><div class=\"t-entry-visual-tc\"><div class=\"t-entry-visual-cont\"><div class=\"dummy\" style=\"padding-top: 75%;\"><\/div><a tabindex=\"-1\" href=\"https:\/\/miolobiro.com.br\/en\/sob-medida\/materiais-de-apoio\/\" class=\"pushed\" target=\"_self\" data-lb-index=\"7\"><div class=\"t-entry-visual-overlay\"><div class=\"t-entry-visual-overlay-in style-color-348835-bg\" style=\"opacity: 0.8;\"><\/div><\/div><div class=\"t-overlay-wrap\"><div class=\"t-overlay-inner\">\n\t\t\t\t\t\t\t\t\t\t\t\t\t\t<div class=\"t-overlay-content\">\n\t\t\t\t\t\t\t\t\t\t\t\t\t\t\t<div class=\"t-overlay-text single-block-padding\"><div class=\"t-entry\"><h3 class=\"t-entry-title font-762333 h3 title-scale\">Support materials<\/h3><p class=\"t-entry-meta\"><span class=\"t-entry-category\"><span class=\"t-entry-cat-single\"><span class=\"\">Sob Medida<\/span><\/span><\/span><\/p><\/div><\/div><\/div><\/div><\/div><img decoding=\"async\" class=\"wp-image-82986\" src=\"https:\/\/miolobiro.com.br\/wp-content\/uploads\/2020\/07\/materiais-de-apoio-scaled-uai-1920x1440.jpg\" width=\"1920\" height=\"1440\" alt=\"\" \/><\/a><\/div>\n\t\t\t\t\t<\/div>\n\t\t\t\t<\/div><\/div><\/div>\t\t<\/div>\n\t\n\n\t<\/div>\t\t\t<\/div>\n<div class=\"empty-space empty-double\" ><span class=\"empty-space-inner\"><\/span><\/div>\n<\/div><\/div><\/div><\/div><\/div><\/div><\/div><\/div><\/div><\/div><\/div><\/div><\/div><script id=\"script-row-unique-0\" data-row=\"script-row-unique-0\" type=\"text\/javascript\" class=\"vc_controls\">UNCODE.initRow(document.getElementById(\"row-unique-0\"));<\/script><\/div><\/div><\/div>\n<\/section>","protected":false},"excerpt":{"rendered":"Manuais, apostilas, tutoriais, guias de bolso, infogr\u00e1ficos, e-books, storytellings e muito mais: Desenvolvimento de recursos instrucionais de apoio \u00e0s a\u00e7\u00f5es [...]","protected":false},"author":1,"featured_media":82986,"parent":81049,"menu_order":0,"comment_status":"closed","ping_status":"closed","template":"","meta":{"footnotes":""},"_links":{"self":[{"href":"https:\/\/miolobiro.com.br\/en\/wp-json\/wp\/v2\/pages\/81082"}],"collection":[{"href":"https:\/\/miolobiro.com.br\/en\/wp-json\/wp\/v2\/pages"}],"about":[{"href":"https:\/\/miolobiro.com.br\/en\/wp-json\/wp\/v2\/types\/page"}],"author":[{"embeddable":true,"href":"https:\/\/miolobiro.com.br\/en\/wp-json\/wp\/v2\/users\/1"}],"replies":[{"embeddable":true,"href":"https:\/\/miolobiro.com.br\/en\/wp-json\/wp\/v2\/comments?post=81082"}],"version-history":[{"count":3,"href":"https:\/\/miolobiro.com.br\/en\/wp-json\/wp\/v2\/pages\/81082\/revisions"}],"predecessor-version":[{"id":83392,"href":"https:\/\/miolobiro.com.br\/en\/wp-json\/wp\/v2\/pages\/81082\/revisions\/83392"}],"up":[{"embeddable":true,"href":"https:\/\/miolobiro.com.br\/en\/wp-json\/wp\/v2\/pages\/81049"}],"wp:featuredmedia":[{"embeddable":true,"href":"https:\/\/miolobiro.com.br\/en\/wp-json\/wp\/v2\/media\/82986"}],"wp:attachment":[{"href":"https:\/\/miolobiro.com.br\/en\/wp-json\/wp\/v2\/media?parent=81082"}],"curies":[{"name":"wp","href":"https:\/\/api.w.org\/{rel}","templated":true}]}}